{"id":407,"date":"2024-03-26T10:48:52","date_gmt":"2024-03-26T09:48:52","guid":{"rendered":"https:\/\/www.itproregio.hu\/?page_id=407"},"modified":"2024-03-26T10:58:06","modified_gmt":"2024-03-26T09:58:06","slug":"a-streaming-tovabbi-bevetelt-hozott-a-zeneiparnak","status":"publish","type":"page","link":"https:\/\/www.itproregio.hu\/index.php\/a-streaming-tovabbi-bevetelt-hozott-a-zeneiparnak\/","title":{"rendered":"A streaming tov\u00e1bbi bev\u00e9telt hozott a zeneiparnak"},"content":{"rendered":"\t\t<div data-elementor-type=\"wp-page\" data-elementor-id=\"407\" class=\"elementor elementor-407\">\n\t\t\t\t<div class=\"elementor-element elementor-element-3d2c656 e-flex e-con-boxed e-con e-parent\" data-id=\"3d2c656\" data-element_type=\"container\">\n\t\t\t\t\t<div class=\"e-con-inner\">\n\t\t\t\t<div class=\"elementor-element elementor-element-0549cf3 elementor-widget elementor-widget-spacer\" data-id=\"0549cf3\" data-element_type=\"widget\" data-widget_type=\"spacer.default\">\n\t\t\t\t<div class=\"elementor-widget-container\">\n\t\t\t\t\t<div class=\"elementor-spacer\">\n\t\t\t<div class=\"elementor-spacer-inner\"><\/div>\n\t\t<\/div>\n\t\t\t\t<\/div>\n\t\t\t\t<\/div>\n\t\t\t\t\t<\/div>\n\t\t\t\t<\/div>\n\t\t<div class=\"elementor-element elementor-element-e246966 e-flex e-con-boxed e-con e-parent\" data-id=\"e246966\" data-element_type=\"container\">\n\t\t\t\t\t<div class=\"e-con-inner\">\n\t\t\t\t<div class=\"elementor-element elementor-element-9654ee5 elementor-widget elementor-widget-heading\" data-id=\"9654ee5\" data-element_type=\"widget\" data-widget_type=\"heading.default\">\n\t\t\t\t<div class=\"elementor-widget-container\">\n\t\t\t<h2 class=\"elementor-heading-title elementor-size-default\">A streaming tov\u00e1bbi bev\u00e9telt hozott a zeneiparnak<\/h2>\t\t<\/div>\n\t\t\t\t<\/div>\n\t\t\t\t\t<\/div>\n\t\t\t\t<\/div>\n\t\t<div class=\"elementor-element elementor-element-821b776 e-flex e-con-boxed e-con e-parent\" data-id=\"821b776\" data-element_type=\"container\">\n\t\t\t\t\t<div class=\"e-con-inner\">\n\t\t<div class=\"elementor-element elementor-element-e174081 e-con-full e-flex e-con e-child\" data-id=\"e174081\" data-element_type=\"container\">\n\t\t\t\t<div class=\"elementor-element elementor-element-45e2467 elementor-widget elementor-widget-image\" data-id=\"45e2467\" data-element_type=\"widget\" data-widget_type=\"image.default\">\n\t\t\t\t<div class=\"elementor-widget-container\">\n\t\t\t\t\t\t\t\t\t\t\t\t\t<img fetchpriority=\"high\" decoding=\"async\" width=\"1024\" height=\"1024\" src=\"https:\/\/www.itproregio.hu\/wp-content\/uploads\/2024\/03\/create-a-modern-picutre-music-streaming-services.jpeg\" class=\"attachment-large size-large wp-image-410\" alt=\"\" srcset=\"https:\/\/www.itproregio.hu\/wp-content\/uploads\/2024\/03\/create-a-modern-picutre-music-streaming-services.jpeg 1024w, https:\/\/www.itproregio.hu\/wp-content\/uploads\/2024\/03\/create-a-modern-picutre-music-streaming-services-300x300.jpeg 300w, https:\/\/www.itproregio.hu\/wp-content\/uploads\/2024\/03\/create-a-modern-picutre-music-streaming-services-150x150.jpeg 150w, https:\/\/www.itproregio.hu\/wp-content\/uploads\/2024\/03\/create-a-modern-picutre-music-streaming-services-768x768.jpeg 768w\" sizes=\"(max-width: 1024px) 100vw, 1024px\" \/>\t\t\t\t\t\t\t\t\t\t\t\t\t<\/div>\n\t\t\t\t<\/div>\n\t\t\t\t<\/div>\n\t\t<div class=\"elementor-element elementor-element-ee093d7 e-con-full e-flex e-con e-child\" data-id=\"ee093d7\" data-element_type=\"container\">\n\t\t\t\t<div class=\"elementor-element elementor-element-98d0eb3 elementor-widget elementor-widget-text-editor\" data-id=\"98d0eb3\" data-element_type=\"widget\" data-widget_type=\"text-editor.default\">\n\t\t\t\t<div class=\"elementor-widget-container\">\n\t\t\t\t\t\t\t<div class=\"flex flex-grow flex-col max-w-full\"><div class=\"min-h-[20px] text-message flex flex-col items-start gap-3 whitespace-pre-wrap break-words [.text-message+&amp;]:mt-5 overflow-x-auto\" data-message-author-role=\"assistant\" data-message-id=\"f5d97539-15ec-40bb-af65-bb91713f0083\"><div class=\"markdown prose w-full break-words dark:prose-invert light\"><p>Az IFPI legfrissebb glob\u00e1lis zeneipari jelent\u00e9se szerint a zeneipar bev\u00e9telei 2023-ban tov\u00e1bb n\u0151ttek, m\u00e1r kilencedik \u00e9ve sorban. A bev\u00e9telek 10,2 sz\u00e1zal\u00e9kkal emelkedtek, el\u00e9rve a 28,6 milli\u00e1rd doll\u00e1ros \u00f6sszeget, melyet f\u0151k\u00e9nt a streaming szolg\u00e1ltat\u00e1soknak k\u00f6sz\u00f6nhet\u00fcnk.<\/p><p>A zenei streaming platformok glob\u00e1lisan m\u00e1r t\u00f6bb mint 500 milli\u00f3 el\u0151fizet\u0151t sz\u00e1ml\u00e1lnak, melyeket t\u00f6bb mint 667 milli\u00f3 felhaszn\u00e1l\u00f3 haszn\u00e1l. A streaming szektor n\u00f6veked\u00e9se k\u00fcl\u00f6n\u00f6sen szembet\u0171n\u0151, m\u00e1r 19,3 milli\u00e1rd doll\u00e1rt tesz ki, m\u00edg m\u00e1s bev\u00e9teli forr\u00e1sok is \u00e9rezhet\u0151 emelked\u00e9st mutattak, bele\u00e9rtve a CD-k \u00e9s bakelit lemezek \u00e9rt\u00e9kes\u00edt\u00e9s\u00e9t.<\/p><p>Az IFPI szerint ezek az adatok azt mutatj\u00e1k, hogy a zeneipar glob\u00e1lis \u00e9s soksz\u00edn\u0171, a bev\u00e9telek n\u00f6veked\u00e9se minden piaci szegmensben \u00e9s r\u00e9gi\u00f3ban megfigyelhet\u0151. Az Eur\u00f3pa a m\u00e1sodik legnagyobb r\u00e9gi\u00f3 a zenei bev\u00e9telek tekintet\u00e9ben, 8,9 sz\u00e1zal\u00e9kos n\u00f6veked\u00e9ssel.<\/p><p>B\u00e1r az ipar\u00e1g n\u00f6veked\u00e9se \u00f6r\u00f6mteli, a streaming csal\u00e1sok, a digit\u00e1lis kal\u00f3zkod\u00e1s \u00e9s az AI-alap\u00fa vissza\u00e9l\u00e9sek jelentik a kih\u00edv\u00e1sokat, melyekkel az ipar\u00e1g szembes\u00fcl.<\/p><\/div><\/div><\/div>\t\t\t\t\t\t<\/div>\n\t\t\t\t<\/div>\n\t\t\t\t<\/div>\n\t\t\t\t\t<\/div>\n\t\t\t\t<\/div>\n\t\t<div class=\"elementor-element elementor-element-5715548 e-flex e-con-boxed e-con e-parent\" data-id=\"5715548\" data-element_type=\"container\">\n\t\t\t\t\t<div class=\"e-con-inner\">\n\t\t\t\t<div class=\"elementor-element elementor-element-dafe2b9 elementor-widget elementor-widget-button\" data-id=\"dafe2b9\" data-element_type=\"widget\" data-widget_type=\"button.default\">\n\t\t\t\t<div class=\"elementor-widget-container\">\n\t\t\t\t\t<div class=\"elementor-button-wrapper\">\n\t\t\t<a class=\"elementor-button elementor-button-link elementor-size-sm\" href=\"https:\/\/www.itproregio.hu\/\">\n\t\t\t\t\t\t<span class=\"elementor-button-content-wrapper\">\n\t\t\t\t\t\t\t\t\t<span class=\"elementor-button-text\">Vissza<\/span>\n\t\t\t\t\t<\/span>\n\t\t\t\t\t<\/a>\n\t\t<\/div>\n\t\t\t\t<\/div>\n\t\t\t\t<\/div>\n\t\t\t\t\t<\/div>\n\t\t\t\t<\/div>\n\t\t\t\t<\/div>\n\t\t","protected":false},"excerpt":{"rendered":"<p>A streaming tov\u00e1bbi bev\u00e9telt hozott a zeneiparnak Az IFPI legfrissebb glob\u00e1lis zeneipari jelent\u00e9se szerint a zeneipar bev\u00e9telei 2023-ban tov\u00e1bb n\u0151ttek, m\u00e1r kilencedik \u00e9ve sorban. A bev\u00e9telek 10,2 sz\u00e1zal\u00e9kkal emelkedtek, el\u00e9rve a 28,6 milli\u00e1rd doll\u00e1ros \u00f6sszeget, melyet f\u0151k\u00e9nt a streaming szolg\u00e1ltat\u00e1soknak k\u00f6sz\u00f6nhet\u00fcnk. A zenei streaming platformok glob\u00e1lisan m\u00e1r t\u00f6bb mint 500 milli\u00f3 el\u0151fizet\u0151t sz\u00e1ml\u00e1lnak, melyeket t\u00f6bb &#8230; <a title=\"A streaming tov\u00e1bbi bev\u00e9telt hozott a zeneiparnak\" class=\"read-more\" href=\"https:\/\/www.itproregio.hu\/index.php\/a-streaming-tovabbi-bevetelt-hozott-a-zeneiparnak\/\" aria-label=\"Tov\u00e1bbiak A streaming tov\u00e1bbi bev\u00e9telt hozott a zeneiparnak\">Olvass tov\u00e1bb<\/a><\/p>\n","protected":false},"author":1,"featured_media":0,"parent":0,"menu_order":0,"comment_status":"closed","ping_status":"closed","template":"elementor_header_footer","meta":{"footnotes":""},"_links":{"self":[{"href":"https:\/\/www.itproregio.hu\/index.php\/wp-json\/wp\/v2\/pages\/407"}],"collection":[{"href":"https:\/\/www.itproregio.hu\/index.php\/wp-json\/wp\/v2\/pages"}],"about":[{"href":"https:\/\/www.itproregio.hu\/index.php\/wp-json\/wp\/v2\/types\/page"}],"author":[{"embeddable":true,"href":"https:\/\/www.itproregio.hu\/index.php\/wp-json\/wp\/v2\/users\/1"}],"replies":[{"embeddable":true,"href":"https:\/\/www.itproregio.hu\/index.php\/wp-json\/wp\/v2\/comments?post=407"}],"version-history":[{"count":7,"href":"https:\/\/www.itproregio.hu\/index.php\/wp-json\/wp\/v2\/pages\/407\/revisions"}],"predecessor-version":[{"id":416,"href":"https:\/\/www.itproregio.hu\/index.php\/wp-json\/wp\/v2\/pages\/407\/revisions\/416"}],"wp:attachment":[{"href":"https:\/\/www.itproregio.hu\/index.php\/wp-json\/wp\/v2\/media?parent=407"}],"curies":[{"name":"wp","href":"https:\/\/api.w.org\/{rel}","templated":true}]}}