{"id":219,"date":"2024-02-09T10:22:15","date_gmt":"2024-02-09T09:22:15","guid":{"rendered":"https:\/\/www.itproregio.hu\/?page_id=219"},"modified":"2024-02-16T09:55:19","modified_gmt":"2024-02-16T08:55:19","slug":"e-design","status":"publish","type":"page","link":"https:\/\/www.itproregio.hu\/index.php\/e-design\/","title":{"rendered":"E-design"},"content":{"rendered":"\t\t<div data-elementor-type=\"wp-page\" data-elementor-id=\"219\" class=\"elementor elementor-219\">\n\t\t\t\t<div class=\"elementor-element elementor-element-1aee970 e-flex e-con-boxed e-con e-parent\" data-id=\"1aee970\" data-element_type=\"container\">\n\t\t\t\t\t<div class=\"e-con-inner\">\n\t\t\t\t<div class=\"elementor-element elementor-element-dd558f3 elementor-widget elementor-widget-spacer\" data-id=\"dd558f3\" data-element_type=\"widget\" data-widget_type=\"spacer.default\">\n\t\t\t\t<div class=\"elementor-widget-container\">\n\t\t\t\t\t<div class=\"elementor-spacer\">\n\t\t\t<div class=\"elementor-spacer-inner\"><\/div>\n\t\t<\/div>\n\t\t\t\t<\/div>\n\t\t\t\t<\/div>\n\t\t\t\t\t<\/div>\n\t\t\t\t<\/div>\n\t\t<div class=\"elementor-element elementor-element-63e4558 e-flex e-con-boxed e-con e-parent\" data-id=\"63e4558\" data-element_type=\"container\">\n\t\t\t\t\t<div class=\"e-con-inner\">\n\t\t\t\t<div class=\"elementor-element elementor-element-79b85e5 elementor-widget elementor-widget-heading\" data-id=\"79b85e5\" data-element_type=\"widget\" data-widget_type=\"heading.default\">\n\t\t\t\t<div class=\"elementor-widget-container\">\n\t\t\t<h6 class=\"elementor-heading-title elementor-size-default\">Ismerkedj meg GRAFIKUS k\u00e9pz\u00e9s\u00fcnkkel!<\/h6>\t\t<\/div>\n\t\t\t\t<\/div>\n\t\t\t\t\t<\/div>\n\t\t\t\t<\/div>\n\t\t<div class=\"elementor-element elementor-element-d93fa78 e-flex e-con-boxed e-con e-parent\" data-id=\"d93fa78\" data-element_type=\"container\">\n\t\t\t\t\t<div class=\"e-con-inner\">\n\t\t<div class=\"elementor-element elementor-element-87c7e9b e-con-full e-flex e-con e-child\" data-id=\"87c7e9b\" data-element_type=\"container\">\n\t\t\t\t<div class=\"elementor-element elementor-element-344b4ec elementor-widget elementor-widget-image\" data-id=\"344b4ec\" data-element_type=\"widget\" data-widget_type=\"image.default\">\n\t\t\t\t<div class=\"elementor-widget-container\">\n\t\t\t\t\t\t\t\t\t\t\t\t\t<img fetchpriority=\"high\" decoding=\"async\" width=\"1024\" height=\"671\" src=\"https:\/\/www.itproregio.hu\/wp-content\/uploads\/2024\/02\/E-design-1024x671.jpg\" class=\"attachment-large size-large wp-image-224\" alt=\"php, photoshopm MI, design, illusztrator,\" srcset=\"https:\/\/www.itproregio.hu\/wp-content\/uploads\/2024\/02\/E-design-1024x671.jpg 1024w, https:\/\/www.itproregio.hu\/wp-content\/uploads\/2024\/02\/E-design-300x197.jpg 300w, https:\/\/www.itproregio.hu\/wp-content\/uploads\/2024\/02\/E-design-768x503.jpg 768w, https:\/\/www.itproregio.hu\/wp-content\/uploads\/2024\/02\/E-design-1536x1006.jpg 1536w\" sizes=\"(max-width: 1024px) 100vw, 1024px\" \/>\t\t\t\t\t\t\t\t\t\t\t\t\t<\/div>\n\t\t\t\t<\/div>\n\t\t\t\t<\/div>\n\t\t<div class=\"elementor-element elementor-element-ebf1300 e-con-full e-flex e-con e-child\" data-id=\"ebf1300\" data-element_type=\"container\">\n\t\t\t\t<div class=\"elementor-element elementor-element-9649678 elementor-widget elementor-widget-text-editor\" data-id=\"9649678\" data-element_type=\"widget\" data-widget_type=\"text-editor.default\">\n\t\t\t\t<div class=\"elementor-widget-container\">\n\t\t\t\t\t\t\t<h4>ANIM\u00c1CI\u00d3 K\u00c9SZ\u00cdT\u00c9S<\/h4>\t\t\t\t\t\t<\/div>\n\t\t\t\t<\/div>\n\t\t\t\t<div class=\"elementor-element elementor-element-64124a9 elementor-widget elementor-widget-text-editor\" data-id=\"64124a9\" data-element_type=\"widget\" data-widget_type=\"text-editor.default\">\n\t\t\t\t<div class=\"elementor-widget-container\">\n\t\t\t\t\t\t\t<h4>MULTIM\u00c9DI\u00c1S WEBOLDALAK<\/h4>\t\t\t\t\t\t<\/div>\n\t\t\t\t<\/div>\n\t\t\t\t<div class=\"elementor-element elementor-element-729d73d elementor-widget elementor-widget-text-editor\" data-id=\"729d73d\" data-element_type=\"widget\" data-widget_type=\"text-editor.default\">\n\t\t\t\t<div class=\"elementor-widget-container\">\n\t\t\t\t\t\t\t<h4>PUBLIK\u00c1L\u00c1S AZ INTERNETEN<\/h4>\t\t\t\t\t\t<\/div>\n\t\t\t\t<\/div>\n\t\t\t\t<div class=\"elementor-element elementor-element-29cca43 elementor-widget elementor-widget-text-editor\" data-id=\"29cca43\" data-element_type=\"widget\" data-widget_type=\"text-editor.default\">\n\t\t\t\t<div class=\"elementor-widget-container\">\n\t\t\t\t\t\t\t<h4>GRAFIKUS ALAPOK<\/h4>\t\t\t\t\t\t<\/div>\n\t\t\t\t<\/div>\n\t\t\t\t<\/div>\n\t\t\t\t\t<\/div>\n\t\t\t\t<\/div>\n\t\t<div class=\"elementor-element elementor-element-22e4830 e-flex e-con-boxed e-con e-parent\" data-id=\"22e4830\" data-element_type=\"container\">\n\t\t\t\t\t<div class=\"e-con-inner\">\n\t\t<div class=\"elementor-element elementor-element-6e89091 e-con-full e-flex e-con e-child\" data-id=\"6e89091\" data-element_type=\"container\">\n\t\t\t\t<div class=\"elementor-element elementor-element-943b6fb elementor-widget elementor-widget-text-editor\" data-id=\"943b6fb\" data-element_type=\"widget\" data-widget_type=\"text-editor.default\">\n\t\t\t\t<div class=\"elementor-widget-container\">\n\t\t\t\t\t\t\t<h4>144 TAN\u00d3RA<\/h4>\t\t\t\t\t\t<\/div>\n\t\t\t\t<\/div>\n\t\t\t\t<div class=\"elementor-element elementor-element-1931353 elementor-widget elementor-widget-text-editor\" data-id=\"1931353\" data-element_type=\"widget\" data-widget_type=\"text-editor.default\">\n\t\t\t\t<div class=\"elementor-widget-container\">\n\t\t\t\t\t\t\t<h4>HETI 4X45 PERC<\/h4>\t\t\t\t\t\t<\/div>\n\t\t\t\t<\/div>\n\t\t\t\t<div class=\"elementor-element elementor-element-cdb92fb elementor-widget elementor-widget-text-editor\" data-id=\"cdb92fb\" data-element_type=\"widget\" data-widget_type=\"text-editor.default\">\n\t\t\t\t<div class=\"elementor-widget-container\">\n\t\t\t\t\t\t\t<h4>NINCS BEMENETI FELT\u00c9TEL<\/h4>\t\t\t\t\t\t<\/div>\n\t\t\t\t<\/div>\n\t\t\t\t<div class=\"elementor-element elementor-element-fba555b elementor-widget elementor-widget-text-editor\" data-id=\"fba555b\" data-element_type=\"widget\" data-widget_type=\"text-editor.default\">\n\t\t\t\t<div class=\"elementor-widget-container\">\n\t\t\t\t\t\t\t<h4>ONLINE K\u00c9PZ\u00c9S<\/h4>\t\t\t\t\t\t<\/div>\n\t\t\t\t<\/div>\n\t\t\t\t<\/div>\n\t\t<div class=\"elementor-element elementor-element-d10293d e-con-full e-flex e-con e-child\" data-id=\"d10293d\" data-element_type=\"container\">\n\t\t\t\t<div class=\"elementor-element elementor-element-9410352 elementor-widget elementor-widget-image\" data-id=\"9410352\" data-element_type=\"widget\" data-widget_type=\"image.default\">\n\t\t\t\t<div class=\"elementor-widget-container\">\n\t\t\t\t\t\t\t\t\t\t\t\t\t<img decoding=\"async\" width=\"1024\" height=\"768\" src=\"https:\/\/www.itproregio.hu\/wp-content\/uploads\/2024\/02\/e-design-2-1024x768.jpg\" class=\"attachment-large size-large wp-image-225\" alt=\"php, photoshopm MI, design, illusztrator,\" srcset=\"https:\/\/www.itproregio.hu\/wp-content\/uploads\/2024\/02\/e-design-2-1024x768.jpg 1024w, https:\/\/www.itproregio.hu\/wp-content\/uploads\/2024\/02\/e-design-2-300x225.jpg 300w, https:\/\/www.itproregio.hu\/wp-content\/uploads\/2024\/02\/e-design-2-768x576.jpg 768w, https:\/\/www.itproregio.hu\/wp-content\/uploads\/2024\/02\/e-design-2-1536x1152.jpg 1536w, https:\/\/www.itproregio.hu\/wp-content\/uploads\/2024\/02\/e-design-2-2048x1536.jpg 2048w\" sizes=\"(max-width: 1024px) 100vw, 1024px\" \/>\t\t\t\t\t\t\t\t\t\t\t\t\t<\/div>\n\t\t\t\t<\/div>\n\t\t\t\t<\/div>\n\t\t\t\t\t<\/div>\n\t\t\t\t<\/div>\n\t\t<div class=\"elementor-element elementor-element-35a1972 e-flex e-con-boxed e-con e-parent\" data-id=\"35a1972\" data-element_type=\"container\">\n\t\t\t\t\t<div class=\"e-con-inner\">\n\t\t\t\t<div class=\"elementor-element elementor-element-fecf5ca elementor-widget elementor-widget-heading\" data-id=\"fecf5ca\" data-element_type=\"widget\" data-widget_type=\"heading.default\">\n\t\t\t\t<div class=\"elementor-widget-container\">\n\t\t\t<h2 class=\"elementor-heading-title elementor-size-default\">TEMATIKA<\/h2>\t\t<\/div>\n\t\t\t\t<\/div>\n\t\t\t\t\t<\/div>\n\t\t\t\t<\/div>\n\t\t<div class=\"elementor-element elementor-element-ee1c207 e-flex e-con-boxed e-con e-parent\" data-id=\"ee1c207\" data-element_type=\"container\">\n\t\t\t\t\t<div class=\"e-con-inner\">\n\t\t\t\t<div class=\"elementor-element elementor-element-96342e1 elementor-widget elementor-widget-text-editor\" data-id=\"96342e1\" data-element_type=\"widget\" data-widget_type=\"text-editor.default\">\n\t\t\t\t<div class=\"elementor-widget-container\">\n\t\t\t\t\t\t\t<ul><li>a kiadv\u00e1nyban haszn\u00e1latos k\u00e9pek szerkeszt\u00e9s\u00e9re, m\u00e9retre alak\u00edt\u00e1s\u00e1ra, korrekci\u00f3j\u00e1ra<\/li><li>log\u00f3k rajzol\u00e1s\u00e1ra, egyszer\u0171 embl\u00e9m\u00e1k, piktogramok k\u00e9sz\u00edt\u00e9s\u00e9re<\/li><li>nyomdai anyagok k\u00e9sz\u00edt\u00e9s\u00e9re: bannerek, flyerek tervez\u00e9s\u00e9re<\/li><li>komplett hirdet\u00e9si kamp\u00e1ny anyag\u00e1nak elk\u00e9sz\u00edt\u00e9s\u00e9re<\/li><li>arculat tervez\u00e9sre<\/li><li>sz\u00e1m\u00edt\u00f3g\u00e9pes alkalmaz\u00e1sok szintj\u00e9n interakt\u00edv anyagok szerkeszt\u00e9s\u00e9re, arculattervez\u00e9sre, grafikai design k\u00e9sz\u00edt\u00e9s\u00e9re<\/li><li>multim\u00e9di\u00e1s elemeket (k\u00e9p, hang, vide\u00f3) k\u00e9sz\u00edteni \u00e9s szerkeszteni; adott m\u00e9diumra optimaliz\u00e1lni (offline, webes, mobil);<\/li><li>multim\u00e9dia alkalmaz\u00e1st funkcion\u00e1lisan \u00e9s technikailag megtervezni \u00e9s kivitelezni;<\/li><li>anim\u00e1ci\u00f3kat programozni <\/li><li>multim\u00e9di\u00e1s interakt\u00edv weboldalak k\u00e9sz\u00edt\u00e9s\u00e9re<\/li><li>hang- \u00e9s filmtechnikai m\u0171veletek elv\u00e9gz\u00e9s\u00e9re<\/li><li>multim\u00e9di\u00e1s rekl\u00e1manyagok vagy oktat\u00f3programok, multim\u00e9di\u00e1s j\u00e1t\u00e9kok \u00e9s egy\u00e9b felhaszn\u00e1l\u00e1si c\u00e9l\u00fa programelemek tervez\u00e9s\u00e9re \u00e9s \u00f6ssze\u00e1ll\u00edt\u00e1s\u00e1ra.<\/li><\/ul>\t\t\t\t\t\t<\/div>\n\t\t\t\t<\/div>\n\t\t\t\t\t<\/div>\n\t\t\t\t<\/div>\n\t\t<div class=\"elementor-element elementor-element-de34718 e-flex e-con-boxed e-con e-parent\" data-id=\"de34718\" data-element_type=\"container\">\n\t\t\t\t\t<div class=\"e-con-inner\">\n\t\t\t\t<div class=\"elementor-element elementor-element-d734df3 elementor-align-center elementor-widget elementor-widget-button\" data-id=\"d734df3\" data-element_type=\"widget\" data-widget_type=\"button.default\">\n\t\t\t\t<div class=\"elementor-widget-container\">\n\t\t\t\t\t<div class=\"elementor-button-wrapper\">\n\t\t\t<a class=\"elementor-button elementor-button-link elementor-size-sm\" href=\"https:\/\/www.itproregio.hu\/\">\n\t\t\t\t\t\t<span class=\"elementor-button-content-wrapper\">\n\t\t\t\t\t\t\t\t\t<span class=\"elementor-button-text\">VISSZA<\/span>\n\t\t\t\t\t<\/span>\n\t\t\t\t\t<\/a>\n\t\t<\/div>\n\t\t\t\t<\/div>\n\t\t\t\t<\/div>\n\t\t\t\t\t<\/div>\n\t\t\t\t<\/div>\n\t\t\t\t<\/div>\n\t\t","protected":false},"excerpt":{"rendered":"<p>Ismerkedj meg GRAFIKUS k\u00e9pz\u00e9s\u00fcnkkel! ANIM\u00c1CI\u00d3 K\u00c9SZ\u00cdT\u00c9S MULTIM\u00c9DI\u00c1S WEBOLDALAK PUBLIK\u00c1L\u00c1S AZ INTERNETEN GRAFIKUS ALAPOK 144 TAN\u00d3RA HETI 4X45 PERC NINCS BEMENETI FELT\u00c9TEL ONLINE K\u00c9PZ\u00c9S TEMATIKA a kiadv\u00e1nyban haszn\u00e1latos k\u00e9pek szerkeszt\u00e9s\u00e9re, m\u00e9retre alak\u00edt\u00e1s\u00e1ra, korrekci\u00f3j\u00e1ra log\u00f3k rajzol\u00e1s\u00e1ra, egyszer\u0171 embl\u00e9m\u00e1k, piktogramok k\u00e9sz\u00edt\u00e9s\u00e9re nyomdai anyagok k\u00e9sz\u00edt\u00e9s\u00e9re: bannerek, flyerek tervez\u00e9s\u00e9re komplett hirdet\u00e9si kamp\u00e1ny anyag\u00e1nak elk\u00e9sz\u00edt\u00e9s\u00e9re arculat tervez\u00e9sre sz\u00e1m\u00edt\u00f3g\u00e9pes alkalmaz\u00e1sok szintj\u00e9n interakt\u00edv &#8230; <a title=\"E-design\" class=\"read-more\" href=\"https:\/\/www.itproregio.hu\/index.php\/e-design\/\" aria-label=\"Tov\u00e1bbiak E-design\">Olvass tov\u00e1bb<\/a><\/p>\n","protected":false},"author":1,"featured_media":0,"parent":0,"menu_order":0,"comment_status":"closed","ping_status":"closed","template":"elementor_header_footer","meta":{"footnotes":""},"_links":{"self":[{"href":"https:\/\/www.itproregio.hu\/index.php\/wp-json\/wp\/v2\/pages\/219"}],"collection":[{"href":"https:\/\/www.itproregio.hu\/index.php\/wp-json\/wp\/v2\/pages"}],"about":[{"href":"https:\/\/www.itproregio.hu\/index.php\/wp-json\/wp\/v2\/types\/page"}],"author":[{"embeddable":true,"href":"https:\/\/www.itproregio.hu\/index.php\/wp-json\/wp\/v2\/users\/1"}],"replies":[{"embeddable":true,"href":"https:\/\/www.itproregio.hu\/index.php\/wp-json\/wp\/v2\/comments?post=219"}],"version-history":[{"count":31,"href":"https:\/\/www.itproregio.hu\/index.php\/wp-json\/wp\/v2\/pages\/219\/revisions"}],"predecessor-version":[{"id":307,"href":"https:\/\/www.itproregio.hu\/index.php\/wp-json\/wp\/v2\/pages\/219\/revisions\/307"}],"wp:attachment":[{"href":"https:\/\/www.itproregio.hu\/index.php\/wp-json\/wp\/v2\/media?parent=219"}],"curies":[{"name":"wp","href":"https:\/\/api.w.org\/{rel}","templated":true}]}}