{"id":208,"date":"2024-01-29T14:30:18","date_gmt":"2024-01-29T13:30:18","guid":{"rendered":"https:\/\/www.itproregio.hu\/?page_id=208"},"modified":"2024-02-15T11:49:11","modified_gmt":"2024-02-15T10:49:11","slug":"szerver-oldali-alkalmazasfejlesztes-dinamikus-es-interaktiv-weboldalak-php","status":"publish","type":"page","link":"https:\/\/www.itproregio.hu\/index.php\/szerver-oldali-alkalmazasfejlesztes-dinamikus-es-interaktiv-weboldalak-php\/","title":{"rendered":"Szerver oldali alkalmaz\u00e1sfejleszt\u00e9s, dinamikus \u00e9s interakt\u00edv weboldalak, PHP"},"content":{"rendered":"\t\t<div data-elementor-type=\"wp-page\" data-elementor-id=\"208\" class=\"elementor elementor-208\">\n\t\t\t\t<div class=\"elementor-element elementor-element-7919066 e-flex e-con-boxed e-con e-parent\" data-id=\"7919066\" data-element_type=\"container\">\n\t\t\t\t\t<div class=\"e-con-inner\">\n\t\t\t\t<div class=\"elementor-element elementor-element-4f68edd elementor-widget elementor-widget-spacer\" data-id=\"4f68edd\" data-element_type=\"widget\" data-widget_type=\"spacer.default\">\n\t\t\t\t<div class=\"elementor-widget-container\">\n\t\t\t\t\t<div class=\"elementor-spacer\">\n\t\t\t<div class=\"elementor-spacer-inner\"><\/div>\n\t\t<\/div>\n\t\t\t\t<\/div>\n\t\t\t\t<\/div>\n\t\t\t\t\t<\/div>\n\t\t\t\t<\/div>\n\t\t<div class=\"elementor-element elementor-element-e79253f e-flex e-con-boxed e-con e-parent\" data-id=\"e79253f\" data-element_type=\"container\">\n\t\t\t\t\t<div class=\"e-con-inner\">\n\t\t\t\t<div class=\"elementor-element elementor-element-bf9c799 elementor-widget elementor-widget-heading\" data-id=\"bf9c799\" data-element_type=\"widget\" data-widget_type=\"heading.default\">\n\t\t\t\t<div class=\"elementor-widget-container\">\n\t\t\t<h6 class=\"elementor-heading-title elementor-size-default\">Ismerkedj meg SZERVER OLDALI ALKALMAZ\u00c1SFEJLESZT\u00c9S \u00c9S INTERAKT\u00cdV WEBOLDALAK, PHP k\u00e9pz\u00e9s\u00fcnkkel!<\/h6>\t\t<\/div>\n\t\t\t\t<\/div>\n\t\t\t\t\t<\/div>\n\t\t\t\t<\/div>\n\t\t<div class=\"elementor-element elementor-element-2fde78b e-flex e-con-boxed e-con e-parent\" data-id=\"2fde78b\" data-element_type=\"container\">\n\t\t\t\t\t<div class=\"e-con-inner\">\n\t\t<div class=\"elementor-element elementor-element-e5c7d1c e-con-full e-flex e-con e-child\" data-id=\"e5c7d1c\" data-element_type=\"container\">\n\t\t\t\t<div class=\"elementor-element elementor-element-33f6f32 elementor-widget elementor-widget-image\" data-id=\"33f6f32\" data-element_type=\"widget\" data-widget_type=\"image.default\">\n\t\t\t\t<div class=\"elementor-widget-container\">\n\t\t\t\t\t\t\t\t\t\t\t\t\t<img fetchpriority=\"high\" decoding=\"async\" width=\"1024\" height=\"682\" src=\"https:\/\/www.itproregio.hu\/wp-content\/uploads\/2024\/02\/PHP-3-1024x682.jpg\" class=\"attachment-large size-large wp-image-268\" alt=\"php, photoshopm MI, design, illusztrator,\" srcset=\"https:\/\/www.itproregio.hu\/wp-content\/uploads\/2024\/02\/PHP-3-1024x682.jpg 1024w, https:\/\/www.itproregio.hu\/wp-content\/uploads\/2024\/02\/PHP-3-300x200.jpg 300w, https:\/\/www.itproregio.hu\/wp-content\/uploads\/2024\/02\/PHP-3-768x512.jpg 768w, https:\/\/www.itproregio.hu\/wp-content\/uploads\/2024\/02\/PHP-3.jpg 1280w\" sizes=\"(max-width: 1024px) 100vw, 1024px\" \/>\t\t\t\t\t\t\t\t\t\t\t\t\t<\/div>\n\t\t\t\t<\/div>\n\t\t\t\t<\/div>\n\t\t<div class=\"elementor-element elementor-element-54709ca e-con-full e-flex e-con e-child\" data-id=\"54709ca\" data-element_type=\"container\">\n\t\t\t\t<div class=\"elementor-element elementor-element-fa91d5e elementor-widget elementor-widget-text-editor\" data-id=\"fa91d5e\" data-element_type=\"widget\" data-widget_type=\"text-editor.default\">\n\t\t\t\t<div class=\"elementor-widget-container\">\n\t\t\t\t\t\t\t<p>PHP<\/p>\t\t\t\t\t\t<\/div>\n\t\t\t\t<\/div>\n\t\t\t\t<div class=\"elementor-element elementor-element-a61c83c elementor-widget elementor-widget-text-editor\" data-id=\"a61c83c\" data-element_type=\"widget\" data-widget_type=\"text-editor.default\">\n\t\t\t\t<div class=\"elementor-widget-container\">\n\t\t\t\t\t\t\t<p>\u00a0\u00a0\u00a0\u00a0\u00a0\u00a0\u00a0\u00a0\u00a0\u00a0\u00a0\u00a0\u00a0\u00a0\u00a0\u00a0\u00a0\u00a0\u00a0\u00a0\u00a0\u00a0\u00a0\u00a0\u00a0\u00a0\u00a0\u00a0 ADATB\u00c1ZISOK<\/p>\t\t\t\t\t\t<\/div>\n\t\t\t\t<\/div>\n\t\t\t\t<div class=\"elementor-element elementor-element-6ba836a elementor-widget elementor-widget-text-editor\" data-id=\"6ba836a\" data-element_type=\"widget\" data-widget_type=\"text-editor.default\">\n\t\t\t\t<div class=\"elementor-widget-container\">\n\t\t\t\t\t\t\t<p>\u00a0\u00a0\u00a0\u00a0\u00a0\u00a0\u00a0\u00a0\u00a0\u00a0\u00a0\u00a0\u00a0\u00a0\u00a0\u00a0\u00a0\u00a0\u00a0\u00a0\u00a0\u00a0\u00a0\u00a0\u00a0\u00a0\u00a0\u00a0\u00a0\u00a0\u00a0\u00a0\u00a0\u00a0\u00a0\u00a0\u00a0\u00a0\u00a0\u00a0\u00a0\u00a0\u00a0\u00a0\u00a0\u00a0\u00a0\u00a0\u00a0\u00a0\u00a0 SEO<\/p>\t\t\t\t\t\t<\/div>\n\t\t\t\t<\/div>\n\t\t\t\t<div class=\"elementor-element elementor-element-36080b2 elementor-widget elementor-widget-text-editor\" data-id=\"36080b2\" data-element_type=\"widget\" data-widget_type=\"text-editor.default\">\n\t\t\t\t<div class=\"elementor-widget-container\">\n\t\t\t\t\t\t\t<p>DINAMIKUS WEBOLDAL, WEB\u00c1RUH\u00c1Z<\/p>\t\t\t\t\t\t<\/div>\n\t\t\t\t<\/div>\n\t\t\t\t<\/div>\n\t\t\t\t\t<\/div>\n\t\t\t\t<\/div>\n\t\t<div class=\"elementor-element elementor-element-b3c6dbd e-flex e-con-boxed e-con e-parent\" data-id=\"b3c6dbd\" data-element_type=\"container\">\n\t\t\t\t\t<div class=\"e-con-inner\">\n\t\t<div class=\"elementor-element elementor-element-7423f90 e-con-full e-flex e-con e-child\" data-id=\"7423f90\" data-element_type=\"container\">\n\t\t\t\t<div class=\"elementor-element elementor-element-596f913 elementor-widget elementor-widget-text-editor\" data-id=\"596f913\" data-element_type=\"widget\" data-widget_type=\"text-editor.default\">\n\t\t\t\t<div class=\"elementor-widget-container\">\n\t\t\t\t\t\t\t<p>220 TAN\u00d3RA<\/p>\t\t\t\t\t\t<\/div>\n\t\t\t\t<\/div>\n\t\t\t\t<div class=\"elementor-element elementor-element-f9091c1 elementor-widget elementor-widget-text-editor\" data-id=\"f9091c1\" data-element_type=\"widget\" data-widget_type=\"text-editor.default\">\n\t\t\t\t<div class=\"elementor-widget-container\">\n\t\t\t\t\t\t\t<p>\u00a0\u00a0\u00a0\u00a0\u00a0\u00a0\u00a0\u00a0\u00a0\u00a0\u00a0\u00a0\u00a0\u00a0\u00a0\u00a0\u00a0\u00a0\u00a0\u00a0\u00a0\u00a0\u00a0\u00a0\u00a0 HETI 4X45 PERC<\/p>\t\t\t\t\t\t<\/div>\n\t\t\t\t<\/div>\n\t\t\t\t<div class=\"elementor-element elementor-element-2564535 elementor-widget elementor-widget-text-editor\" data-id=\"2564535\" data-element_type=\"widget\" data-widget_type=\"text-editor.default\">\n\t\t\t\t<div class=\"elementor-widget-container\">\n\t\t\t\t\t\t\t<p>\u00a0\u00a0\u00a0\u00a0\u00a0\u00a0\u00a0\u00a0\u00a0\u00a0\u00a0\u00a0\u00a0\u00a0\u00a0\u00a0\u00a0\u00a0\u00a0\u00a0\u00a0\u00a0\u00a0\u00a0\u00a0\u00a0\u00a0\u00a0\u00a0\u00a0\u00a0\u00a0\u00a0\u00a0\u00a0\u00a0\u00a0\u00a0\u00a0\u00a0\u00a0\u00a0\u00a0\u00a0\u00a0\u00a0\u00a0\u00a0\u00a0\u00a0\u00a0\u00a0\u00a0\u00a0\u00a0\u00a0\u00a0 ONLINE K\u00c9PZ\u00c9S<\/p>\t\t\t\t\t\t<\/div>\n\t\t\t\t<\/div>\n\t\t\t\t<div class=\"elementor-element elementor-element-7d8d4e0 elementor-widget elementor-widget-text-editor\" data-id=\"7d8d4e0\" data-element_type=\"widget\" data-widget_type=\"text-editor.default\">\n\t\t\t\t<div class=\"elementor-widget-container\">\n\t\t\t\t\t\t\t<p>EL\u0150FELT\u00c9TEL: FELHASZN\u00c1L\u00d3 SZINT\u0170 SZ\u00c1M\u00cdTG\u00c9PES ISMERETEK<\/p>\t\t\t\t\t\t<\/div>\n\t\t\t\t<\/div>\n\t\t\t\t<\/div>\n\t\t<div class=\"elementor-element elementor-element-d0c537c e-con-full e-flex e-con e-child\" data-id=\"d0c537c\" data-element_type=\"container\">\n\t\t\t\t<div class=\"elementor-element elementor-element-cc4038d elementor-widget elementor-widget-image\" data-id=\"cc4038d\" data-element_type=\"widget\" data-widget_type=\"image.default\">\n\t\t\t\t<div class=\"elementor-widget-container\">\n\t\t\t\t\t\t\t\t\t\t\t\t\t<img decoding=\"async\" width=\"1024\" height=\"724\" src=\"https:\/\/www.itproregio.hu\/wp-content\/uploads\/2024\/02\/PHP-2-1024x724.jpg\" class=\"attachment-large size-large wp-image-269\" alt=\"\" srcset=\"https:\/\/www.itproregio.hu\/wp-content\/uploads\/2024\/02\/PHP-2-1024x724.jpg 1024w, https:\/\/www.itproregio.hu\/wp-content\/uploads\/2024\/02\/PHP-2-300x212.jpg 300w, https:\/\/www.itproregio.hu\/wp-content\/uploads\/2024\/02\/PHP-2-768x543.jpg 768w, https:\/\/www.itproregio.hu\/wp-content\/uploads\/2024\/02\/PHP-2.jpg 1280w\" sizes=\"(max-width: 1024px) 100vw, 1024px\" \/>\t\t\t\t\t\t\t\t\t\t\t\t\t<\/div>\n\t\t\t\t<\/div>\n\t\t\t\t<\/div>\n\t\t\t\t\t<\/div>\n\t\t\t\t<\/div>\n\t\t<div class=\"elementor-element elementor-element-eb9da4b e-flex e-con-boxed e-con e-parent\" data-id=\"eb9da4b\" data-element_type=\"container\">\n\t\t\t\t\t<div class=\"e-con-inner\">\n\t\t\t\t<div class=\"elementor-element elementor-element-d1d9324 elementor-widget elementor-widget-heading\" data-id=\"d1d9324\" data-element_type=\"widget\" data-widget_type=\"heading.default\">\n\t\t\t\t<div class=\"elementor-widget-container\">\n\t\t\t<h6 class=\"elementor-heading-title elementor-size-default\">TEMATIKA<\/h6>\t\t<\/div>\n\t\t\t\t<\/div>\n\t\t\t\t\t<\/div>\n\t\t\t\t<\/div>\n\t\t<div class=\"elementor-element elementor-element-993b068 e-flex e-con-boxed e-con e-parent\" data-id=\"993b068\" data-element_type=\"container\">\n\t\t\t\t\t<div class=\"e-con-inner\">\n\t\t\t\t<div class=\"elementor-element elementor-element-8a7312e elementor-widget elementor-widget-text-editor\" data-id=\"8a7312e\" data-element_type=\"widget\" data-widget_type=\"text-editor.default\">\n\t\t\t\t<div class=\"elementor-widget-container\">\n\t\t\t\t\t\t\t<p><b>Szerver oldali alkalmaz\u00e1sfejleszt\u00e9ssel megtanulod:<\/b><\/p><ul><li>H\u00e1l\u00f3zat , szerver \u00e9s kliens jogosults\u00e1g megold\u00e1s\u00e1t<\/li><li>Web prezent\u00e1ci\u00f3s megold\u00e1sokat(HTML Language CSS)<\/li><li>Web-szerverm\u0171k\u00f6dtet\u00e9st<\/li><li>Web kliens oldali programoz\u00e1st (pl.: JavaScript)<\/li><li>Adatb\u00e1ziskezel\u00e9st<\/li><li>\u00d6nle\u00edr\u00f3 adatkommunik\u00e1ci\u00f3 a szerverek k\u00f6z\u00f6tt, Dokumentum nyelv= XML<\/li><li>XML adatb\u00e1zis XML adat kezel\u00e9st<\/li><li>Haszn\u00e1lt fejleszt\u0151i k\u00f6rnyezetet nagy v\u00e1llalati k\u00f6rnyezetekre tervezve (pl.: .Net, Java )<\/li><li>Inform\u00e1ci\u00f3 Biztons\u00e1got (adatv\u00e9delem, kommunik\u00e1ci\u00f3s csatorn\u00e1k v\u00e9delme, illet\u00e9ktelen hozz\u00e1f\u00e9r\u00e9s elleni v\u00e9delem)<\/li><\/ul>\t\t\t\t\t\t<\/div>\n\t\t\t\t<\/div>\n\t\t\t\t\t<\/div>\n\t\t\t\t<\/div>\n\t\t<div class=\"elementor-element elementor-element-ea82514 e-flex e-con-boxed e-con e-parent\" data-id=\"ea82514\" data-element_type=\"container\">\n\t\t\t\t\t<div class=\"e-con-inner\">\n\t\t\t\t<div class=\"elementor-element elementor-element-1bc809e elementor-align-center elementor-widget elementor-widget-button\" data-id=\"1bc809e\" data-element_type=\"widget\" data-widget_type=\"button.default\">\n\t\t\t\t<div class=\"elementor-widget-container\">\n\t\t\t\t\t<div class=\"elementor-button-wrapper\">\n\t\t\t<a class=\"elementor-button elementor-button-link elementor-size-sm\" href=\"https:\/\/www.itproregio.hu\/\">\n\t\t\t\t\t\t<span class=\"elementor-button-content-wrapper\">\n\t\t\t\t\t\t\t\t\t<span class=\"elementor-button-text\">VISSZA<\/span>\n\t\t\t\t\t<\/span>\n\t\t\t\t\t<\/a>\n\t\t<\/div>\n\t\t\t\t<\/div>\n\t\t\t\t<\/div>\n\t\t\t\t\t<\/div>\n\t\t\t\t<\/div>\n\t\t\t\t<\/div>\n\t\t","protected":false},"excerpt":{"rendered":"<p>Ismerkedj meg SZERVER OLDALI ALKALMAZ\u00c1SFEJLESZT\u00c9S \u00c9S INTERAKT\u00cdV WEBOLDALAK, PHP k\u00e9pz\u00e9s\u00fcnkkel! PHP \u00a0\u00a0\u00a0\u00a0\u00a0\u00a0\u00a0\u00a0\u00a0\u00a0\u00a0\u00a0\u00a0\u00a0\u00a0\u00a0\u00a0\u00a0\u00a0\u00a0\u00a0\u00a0\u00a0\u00a0\u00a0\u00a0\u00a0\u00a0 ADATB\u00c1ZISOK \u00a0\u00a0\u00a0\u00a0\u00a0\u00a0\u00a0\u00a0\u00a0\u00a0\u00a0\u00a0\u00a0\u00a0\u00a0\u00a0\u00a0\u00a0\u00a0\u00a0\u00a0\u00a0\u00a0\u00a0\u00a0\u00a0\u00a0\u00a0\u00a0\u00a0\u00a0\u00a0\u00a0\u00a0\u00a0\u00a0\u00a0\u00a0\u00a0\u00a0\u00a0\u00a0\u00a0\u00a0\u00a0\u00a0\u00a0\u00a0\u00a0\u00a0\u00a0 SEO DINAMIKUS WEBOLDAL, WEB\u00c1RUH\u00c1Z 220 TAN\u00d3RA \u00a0\u00a0\u00a0\u00a0\u00a0\u00a0\u00a0\u00a0\u00a0\u00a0\u00a0\u00a0\u00a0\u00a0\u00a0\u00a0\u00a0\u00a0\u00a0\u00a0\u00a0\u00a0\u00a0\u00a0\u00a0 HETI 4X45 PERC \u00a0\u00a0\u00a0\u00a0\u00a0\u00a0\u00a0\u00a0\u00a0\u00a0\u00a0\u00a0\u00a0\u00a0\u00a0\u00a0\u00a0\u00a0\u00a0\u00a0\u00a0\u00a0\u00a0\u00a0\u00a0\u00a0\u00a0\u00a0\u00a0\u00a0\u00a0\u00a0\u00a0\u00a0\u00a0\u00a0\u00a0\u00a0\u00a0\u00a0\u00a0\u00a0\u00a0\u00a0\u00a0\u00a0\u00a0\u00a0\u00a0\u00a0\u00a0\u00a0\u00a0\u00a0\u00a0\u00a0\u00a0 ONLINE K\u00c9PZ\u00c9S EL\u0150FELT\u00c9TEL: FELHASZN\u00c1L\u00d3 SZINT\u0170 SZ\u00c1M\u00cdTG\u00c9PES ISMERETEK TEMATIKA Szerver oldali alkalmaz\u00e1sfejleszt\u00e9ssel megtanulod: H\u00e1l\u00f3zat , szerver \u00e9s kliens jogosults\u00e1g megold\u00e1s\u00e1t Web prezent\u00e1ci\u00f3s megold\u00e1sokat(HTML Language CSS) Web-szerverm\u0171k\u00f6dtet\u00e9st Web kliens oldali programoz\u00e1st (pl.: &#8230; <a title=\"Szerver oldali alkalmaz\u00e1sfejleszt\u00e9s, dinamikus \u00e9s interakt\u00edv weboldalak, PHP\" class=\"read-more\" href=\"https:\/\/www.itproregio.hu\/index.php\/szerver-oldali-alkalmazasfejlesztes-dinamikus-es-interaktiv-weboldalak-php\/\" aria-label=\"Tov\u00e1bbiak Szerver oldali alkalmaz\u00e1sfejleszt\u00e9s, dinamikus \u00e9s interakt\u00edv weboldalak, PHP\">Olvass tov\u00e1bb<\/a><\/p>\n","protected":false},"author":1,"featured_media":0,"parent":0,"menu_order":0,"comment_status":"closed","ping_status":"closed","template":"elementor_header_footer","meta":{"footnotes":""},"_links":{"self":[{"href":"https:\/\/www.itproregio.hu\/index.php\/wp-json\/wp\/v2\/pages\/208"}],"collection":[{"href":"https:\/\/www.itproregio.hu\/index.php\/wp-json\/wp\/v2\/pages"}],"about":[{"href":"https:\/\/www.itproregio.hu\/index.php\/wp-json\/wp\/v2\/types\/page"}],"author":[{"embeddable":true,"href":"https:\/\/www.itproregio.hu\/index.php\/wp-json\/wp\/v2\/users\/1"}],"replies":[{"embeddable":true,"href":"https:\/\/www.itproregio.hu\/index.php\/wp-json\/wp\/v2\/comments?post=208"}],"version-history":[{"count":16,"href":"https:\/\/www.itproregio.hu\/index.php\/wp-json\/wp\/v2\/pages\/208\/revisions"}],"predecessor-version":[{"id":288,"href":"https:\/\/www.itproregio.hu\/index.php\/wp-json\/wp\/v2\/pages\/208\/revisions\/288"}],"wp:attachment":[{"href":"https:\/\/www.itproregio.hu\/index.php\/wp-json\/wp\/v2\/media?parent=208"}],"curies":[{"name":"wp","href":"https:\/\/api.w.org\/{rel}","templated":true}]}}